{"id":29,"date":"2023-02-13T22:14:32","date_gmt":"2023-02-13T22:14:32","guid":{"rendered":"http:\/\/uyed.net\/?page_id=29"},"modified":"2024-07-24T15:54:36","modified_gmt":"2024-07-24T15:54:36","slug":"hakkimizda","status":"publish","type":"page","link":"https:\/\/uyed.net\/?page_id=29","title":{"rendered":"Hakk\u0131m\u0131zda"},"content":{"rendered":"\n<p><strong>Uluslararas\u0131 Gen\u00e7lik ve Yayg\u0131n E\u011fitim Derne\u011fi<\/strong><\/p>\n\n\n\n<p>Uluslararas\u0131 Gen\u00e7lik ve Yayg\u0131n E\u011fitim Derne\u011fi, gen\u00e7lerin liderlik, giri\u015fimcilik ve di\u011fer becerilerini geli\u015ftirmeleri i\u00e7in e\u011fitim programlar\u0131, seminerler ve uluslararas\u0131 \u00f6\u011frenci&nbsp;de\u011fi\u015fim programlar\u0131 d\u00fczenlemektedir. Dernek, \u00f6zellikle yayg\u0131n e\u011fitim metodlar\u0131 kullanarak, d\u00fcnya gen\u00e7li\u011finin e\u011fitim hakk\u0131na eri\u015fimini art\u0131rmay\u0131 ve potansiyellerini tam olarak geli\u015ftirmelerini sa\u011flamay\u0131 hedeflemektedir. Yayg\u0131n e\u011fitim metotlar\u0131, \u00f6\u011frencilere esneklik ve \u00f6zelle\u015ftirilmi\u015f \u00f6\u011frenme deneyimleri sunarak, e\u011fitim hakk\u0131na eri\u015fimi kolayla\u015ft\u0131rmakta ve \u00f6\u011frenme s\u00fcrecini daha etkili hale getirmektedir. Derne\u011fe kat\u0131larak, \u00fcyeler farkl\u0131 k\u00fclt\u00fcrleri ke\u015ffetmek, yeni arkada\u015flar edinmek ve d\u00fcnya gen\u00e7li\u011fi i\u00e7in katk\u0131da bulunmak i\u00e7in f\u0131rsatlar elde ederler.<\/p>\n\n\n\n<div style=\"height:100px\" aria-hidden=\"true\" class=\"wp-block-spacer\"><\/div>\n\n\n\n<div class=\"wp-block-columns alignwide is-layout-flex wp-container-core-columns-is-layout-28f84493 wp-block-columns-is-layout-flex\">\n<div class=\"wp-block-column is-layout-flow wp-block-column-is-layout-flow\">\n<figure class=\"wp-block-image size-full\"><img loading=\"lazy\" decoding=\"async\" width=\"640\" height=\"427\" src=\"https:\/\/uyed.net\/wp-content\/uploads\/2023\/05\/evde-oynanan-oyunlar-640x427-min.jpg\" alt=\"\" class=\"wp-image-176\" srcset=\"https:\/\/uyed.net\/wp-content\/uploads\/2023\/05\/evde-oynanan-oyunlar-640x427-min.jpg 640w, https:\/\/uyed.net\/wp-content\/uploads\/2023\/05\/evde-oynanan-oyunlar-640x427-min-300x200.jpg 300w\" sizes=\"auto, (max-width: 640px) 100vw, 640px\" \/><\/figure>\n\n\n\n<p class=\"has-black-color has-text-color has-medium-font-size\"><a href=\"#\">Yayg\u0131n E\u011fitim Metotlar\u0131<\/a><\/p>\n\n\n\n<p class=\"has-text-color\" style=\"color:#7a7a7a\">Yayg\u0131n e\u011fitim metotlar\u0131na uygun olarak \u00e7al\u0131\u015fmalar planl\u0131yor ve y\u00fcr\u00fct\u00fcyoruz.<\/p>\n<\/div>\n\n\n\n<div class=\"wp-block-column is-layout-flow wp-block-column-is-layout-flow\">\n<figure class=\"wp-block-image size-full\"><img loading=\"lazy\" decoding=\"async\" width=\"1000\" height=\"667\" src=\"https:\/\/uyed.net\/wp-content\/uploads\/2023\/05\/6352710d61f1e7c8256fb1aa_youth-work.jpg\" alt=\"\" class=\"wp-image-177\" srcset=\"https:\/\/uyed.net\/wp-content\/uploads\/2023\/05\/6352710d61f1e7c8256fb1aa_youth-work.jpg 1000w, https:\/\/uyed.net\/wp-content\/uploads\/2023\/05\/6352710d61f1e7c8256fb1aa_youth-work-300x200.jpg 300w, https:\/\/uyed.net\/wp-content\/uploads\/2023\/05\/6352710d61f1e7c8256fb1aa_youth-work-768x512.jpg 768w\" sizes=\"auto, (max-width: 1000px) 100vw, 1000px\" \/><\/figure>\n\n\n\n<p class=\"has-black-color has-text-color has-medium-font-size\"><a href=\"#\">Gen\u00e7lik \u00c7al\u0131\u015fmalar\u0131<\/a><\/p>\n\n\n\n<p class=\"has-text-color\" style=\"color:#7a7a7a\">Gen\u00e7lik \u00e7al\u0131\u015fmalar\u0131n\u0131 farkl\u0131 alanlarda, farkl\u0131 ya\u015f gruplar\u0131 ile ger\u00e7ekle\u015ftiriyoruz.<\/p>\n<\/div>\n\n\n\n<div class=\"wp-block-column is-layout-flow wp-block-column-is-layout-flow\">\n<figure class=\"wp-block-image size-full\"><img loading=\"lazy\" decoding=\"async\" width=\"630\" height=\"420\" src=\"https:\/\/uyed.net\/wp-content\/uploads\/2023\/05\/Seminer-800x420_1-1-edited-1.jpg\" alt=\"\" class=\"wp-image-175\" srcset=\"https:\/\/uyed.net\/wp-content\/uploads\/2023\/05\/Seminer-800x420_1-1-edited-1.jpg 630w, https:\/\/uyed.net\/wp-content\/uploads\/2023\/05\/Seminer-800x420_1-1-edited-1-300x200.jpg 300w\" sizes=\"auto, (max-width: 630px) 100vw, 630px\" \/><\/figure>\n\n\n\n<p class=\"has-black-color has-text-color has-medium-font-size\"><a href=\"#\">Seminerler<\/a><\/p>\n\n\n\n<p class=\"has-text-color\" style=\"color:#7a7a7a\">Gen\u00e7lik \u00e7al\u0131\u015fmalar\u0131na yayg\u0131n e\u011fitim bak\u0131\u015f a\u00e7\u0131s\u0131yla yakla\u015f\u0131yor ve \u00f6rnek te\u015fkil edecek seminerler d\u00fczenliyoruz.<\/p>\n<\/div>\n<\/div>\n","protected":false},"excerpt":{"rendered":"<p>Uluslararas\u0131 Gen\u00e7lik ve Yayg\u0131n E\u011fitim Derne\u011fi Uluslararas\u0131 Gen\u00e7lik ve Yayg\u0131n E\u011fitim Derne\u011fi, gen\u00e7lerin liderlik, giri\u015fimcilik ve di\u011fer becerilerini geli\u015ftirmeleri i\u00e7in e\u011fitim programlar\u0131, seminerler ve uluslararas\u0131 \u00f6\u011frenci&nbsp;de\u011fi\u015fim programlar\u0131 d\u00fczenlemektedir. Dernek, \u00f6zellikle yayg\u0131n e\u011fitim metodlar\u0131 kullanarak, d\u00fcnya gen\u00e7li\u011finin e\u011fitim hakk\u0131na eri\u015fimini art\u0131rmay\u0131 ve potansiyellerini tam olarak geli\u015ftirmelerini sa\u011flamay\u0131 hedeflemektedir. Yayg\u0131n e\u011fitim metotlar\u0131, \u00f6\u011frencilere esneklik ve \u00f6zelle\u015ftirilmi\u015f \u00f6\u011frenme &hellip; <\/p>\n<p class=\"link-more\"><a href=\"https:\/\/uyed.net\/?page_id=29\" class=\"more-link\"><span class=\"screen-reader-text\"> &#8220;Hakk\u0131m\u0131zda&#8221;<\/span>devam\u0131n\u0131 oku<\/a><\/p>\n","protected":false},"author":1,"featured_media":147,"parent":0,"menu_order":0,"comment_status":"closed","ping_status":"closed","template":"","meta":{"footnotes":""},"class_list":["post-29","page","type-page","status-publish","has-post-thumbnail","hentry"],"_links":{"self":[{"href":"https:\/\/uyed.net\/index.php?rest_route=\/wp\/v2\/pages\/29","targetHints":{"allow":["GET"]}}],"collection":[{"href":"https:\/\/uyed.net\/index.php?rest_route=\/wp\/v2\/pages"}],"about":[{"href":"https:\/\/uyed.net\/index.php?rest_route=\/wp\/v2\/types\/page"}],"author":[{"embeddable":true,"href":"https:\/\/uyed.net\/index.php?rest_route=\/wp\/v2\/users\/1"}],"replies":[{"embeddable":true,"href":"https:\/\/uyed.net\/index.php?rest_route=%2Fwp%2Fv2%2Fcomments&post=29"}],"version-history":[{"count":7,"href":"https:\/\/uyed.net\/index.php?rest_route=\/wp\/v2\/pages\/29\/revisions"}],"predecessor-version":[{"id":299,"href":"https:\/\/uyed.net\/index.php?rest_route=\/wp\/v2\/pages\/29\/revisions\/299"}],"wp:featuredmedia":[{"embeddable":true,"href":"https:\/\/uyed.net\/index.php?rest_route=\/wp\/v2\/media\/147"}],"wp:attachment":[{"href":"https:\/\/uyed.net\/index.php?rest_route=%2Fwp%2Fv2%2Fmedia&parent=29"}],"curies":[{"name":"wp","href":"https:\/\/api.w.org\/{rel}","templated":true}]}}