{"id":28,"date":"2023-02-13T22:14:32","date_gmt":"2023-02-13T22:14:32","guid":{"rendered":"http:\/\/uyed.net\/?page_id=28"},"modified":"2024-07-24T15:34:38","modified_gmt":"2024-07-24T15:34:38","slug":"anasayfa","status":"publish","type":"page","link":"https:\/\/uyed.net\/","title":{"rendered":""},"content":{"rendered":"\n<div class=\"wp-block-group has-global-padding is-layout-constrained wp-block-group-is-layout-constrained\">\n<p class=\"has-text-align-center has-medium-font-size\"><strong>Uluslararas\u0131 Gen\u00e7lik ve Yayg\u0131n E\u011fitim Derne\u011fi<\/strong><\/p>\n\n\n\n<p class=\"has-text-align-center has-primary-color has-text-color has-link-color wp-elements-c90ca99eaee54f77d4b97f1c39e6501f\">Uluslararas\u0131 Gen\u00e7lik ve Yayg\u0131n E\u011fitim Derne\u011fi, gen\u00e7lerin liderlik, giri\u015fimcilik ve di\u011fer becerilerini geli\u015ftirmeleri i\u00e7in e\u011fitim programlar\u0131, seminerler ve uluslararas\u0131 \u00f6\u011frenci de\u011fi\u015fim programlar\u0131 d\u00fczenlemektedir. Dernek, \u00f6zellikle yayg\u0131n e\u011fitim metotlar\u0131 kullanarak, d\u00fcnya gen\u00e7li\u011finin e\u011fitim hakk\u0131na eri\u015fimini art\u0131rmay\u0131 ve potansiyellerini tam olarak geli\u015ftirmelerini sa\u011flamay\u0131 hedeflemektedir. Yayg\u0131n e\u011fitim metotlar\u0131, \u00f6\u011frencilere esneklik ve \u00f6zelle\u015ftirilmi\u015f \u00f6\u011frenme deneyimleri sunarak, e\u011fitim hakk\u0131na eri\u015fimi kolayla\u015ft\u0131rmakta ve \u00f6\u011frenme s\u00fcrecini daha etkili hale getirmektedir. Derne\u011fe kat\u0131larak, \u00fcyeler farkl\u0131 k\u00fclt\u00fcrleri ke\u015ffetmek, yeni arkada\u015flar edinmek ve d\u00fcnya gen\u00e7li\u011fi i\u00e7in katk\u0131da bulunmak i\u00e7in f\u0131rsatlar elde ederler.<\/p>\n<\/div>\n\n\n\n<div class=\"wp-block-cover aligncenter\" style=\"min-height:247px;aspect-ratio:unset;\"><span aria-hidden=\"true\" class=\"wp-block-cover__background has-background-dim\"><\/span><img loading=\"lazy\" decoding=\"async\" width=\"678\" height=\"1024\" class=\"wp-block-cover__image-background wp-image-144\" alt=\"\" src=\"http:\/\/uyed.net\/wp-content\/uploads\/2023\/02\/shane-rounce-DNkoNXQti3c-unsplash-1-678x1024.jpg\" data-object-fit=\"cover\" srcset=\"https:\/\/uyed.net\/wp-content\/uploads\/2023\/02\/shane-rounce-DNkoNXQti3c-unsplash-1-678x1024.jpg 678w, https:\/\/uyed.net\/wp-content\/uploads\/2023\/02\/shane-rounce-DNkoNXQti3c-unsplash-1-199x300.jpg 199w, https:\/\/uyed.net\/wp-content\/uploads\/2023\/02\/shane-rounce-DNkoNXQti3c-unsplash-1-scaled.jpg 1696w\" sizes=\"auto, (max-width: 678px) 100vw, 678px\" \/><div class=\"wp-block-cover__inner-container is-layout-flow wp-block-cover-is-layout-flow\">\n<h1 class=\"wp-block-heading has-text-align-center has-white-color has-text-color\"><mark style=\"background-color:rgba(0, 0, 0, 0)\" class=\"has-inline-color has-secondary-color\">Vizyon<\/mark><\/h1>\n\n\n\n<div class=\"wp-block-group has-global-padding is-layout-constrained wp-block-group-is-layout-constrained\" style=\"font-size:clamp(14px, 0.875rem + ((1vw - 3.2px) * 0.208), 16px);\">\n<div class=\"wp-block-columns is-layout-flex wp-container-core-columns-is-layout-28f84493 wp-block-columns-is-layout-flex\">\n<div class=\"wp-block-column is-vertically-aligned-center is-layout-flow wp-block-column-is-layout-flow\" style=\"flex-basis:100%\">\n<h5 class=\"wp-block-heading alignfull has-text-align-center has-extra-small-font-size\">UYED&#8217;in vizyonu, gen\u00e7lerin potansiyellerini tam olarak kullanmalar\u0131n\u0131 sa\u011flamak, yayg\u0131n e\u011fitim metodlar\u0131na eri\u015fimlerini art\u0131rmak ve toplumsal fark\u0131ndal\u0131\u011f\u0131 art\u0131rarak erdemli bir gen\u00e7 toplum olu\u015fturmakt\u0131r. Ayr\u0131ca, gen\u00e7lerin ya\u015fam kalitesini y\u00fckseltecek projeler ve faaliyetler ger\u00e7ekle\u015ftirerek topluma katk\u0131da&nbsp;bulunmakt\u0131r.<\/h5>\n<\/div>\n<\/div>\n<\/div>\n<\/div><\/div>\n\n\n\n<div class=\"wp-block-columns is-layout-flex wp-container-core-columns-is-layout-28f84493 wp-block-columns-is-layout-flex\">\n<div class=\"wp-block-column is-layout-flow wp-block-column-is-layout-flow\" style=\"flex-basis:100%\">\n<div class=\"wp-block-group has-global-padding is-layout-constrained wp-block-group-is-layout-constrained\">\n<div class=\"wp-block-columns is-layout-flex wp-container-core-columns-is-layout-28f84493 wp-block-columns-is-layout-flex\">\n<div class=\"wp-block-column is-layout-flow wp-block-column-is-layout-flow\" style=\"flex-basis:100%\">\n<div class=\"wp-block-cover aligncenter\" style=\"min-height:50px;aspect-ratio:unset;\"><span aria-hidden=\"true\" class=\"wp-block-cover__background has-background-dim\"><\/span><img loading=\"lazy\" decoding=\"async\" width=\"2560\" height=\"1702\" class=\"wp-block-cover__image-background wp-image-145\" alt=\"\" src=\"http:\/\/uyed.net\/wp-content\/uploads\/2023\/02\/kimberly-farmer-lUaaKCUANVI-unsplash-1-scaled.jpg\" data-object-fit=\"cover\" srcset=\"https:\/\/uyed.net\/wp-content\/uploads\/2023\/02\/kimberly-farmer-lUaaKCUANVI-unsplash-1-scaled.jpg 2560w, https:\/\/uyed.net\/wp-content\/uploads\/2023\/02\/kimberly-farmer-lUaaKCUANVI-unsplash-1-300x199.jpg 300w\" sizes=\"auto, (max-width: 2560px) 100vw, 2560px\" \/><div class=\"wp-block-cover__inner-container is-layout-flow wp-block-cover-is-layout-flow\">\n<p><\/p>\n\n\n\n<div class=\"wp-block-group has-global-padding is-layout-constrained wp-block-group-is-layout-constrained\">\n<p class=\"has-text-align-center has-large-font-size\"><strong><mark style=\"background-color:rgba(0, 0, 0, 0);color:#20c6bb\" class=\"has-inline-color\">Misyon<\/mark><\/strong><\/p>\n\n\n\n<div class=\"wp-block-columns alignwide are-vertically-aligned-center is-layout-flex wp-container-core-columns-is-layout-28f84493 wp-block-columns-is-layout-flex\">\n<div class=\"wp-block-column is-vertically-aligned-center is-layout-flow wp-block-column-is-layout-flow\" style=\"flex-basis:100%\">\n<div class=\"wp-block-columns is-layout-flex wp-container-core-columns-is-layout-28f84493 wp-block-columns-is-layout-flex\">\n<div class=\"wp-block-column is-layout-flow wp-block-column-is-layout-flow\" style=\"flex-basis:100%\">\n<div class=\"wp-block-group has-global-padding is-layout-constrained wp-block-group-is-layout-constrained\">\n<div class=\"wp-block-columns is-layout-flex wp-container-core-columns-is-layout-28f84493 wp-block-columns-is-layout-flex\">\n<div class=\"wp-block-column is-layout-flow wp-block-column-is-layout-flow\" style=\"flex-basis:100%\">\n<h5 class=\"wp-block-heading has-text-align-center\">UYED, gen\u00e7lerin mesleki ve sosyal alanlarda desteklenmesi, g\u00fcnl\u00fck ya\u015famda rehberlik sa\u011flanmas\u0131, toplumda sosyal fark\u0131ndal\u0131\u011f\u0131n art\u0131r\u0131lmas\u0131 ve erdemli gen\u00e7 toplumun olu\u015fmas\u0131 i\u00e7in faaliyet g\u00f6sterir. Ayr\u0131ca gen\u00e7lik alan\u0131nda faaliyet g\u00f6steren sivil toplum kurulu\u015flar\u0131 ve gen\u00e7lik gruplar\u0131 ile i\u015f birli\u011fi i\u00e7inde \u00e7al\u0131\u015fmalar y\u00fcr\u00fct\u00fcr.<\/h5>\n<\/div>\n<\/div>\n<\/div>\n<\/div>\n<\/div>\n<\/div>\n<\/div>\n<\/div>\n<\/div><\/div>\n<\/div>\n<\/div>\n<\/div>\n<\/div>\n<\/div>\n\n\n\n<div class=\"wp-block-group alignfull has-white-background-color has-background is-layout-flow wp-block-group-is-layout-flow\">\n<div class=\"wp-block-columns is-layout-flex wp-container-core-columns-is-layout-28f84493 wp-block-columns-is-layout-flex\">\n<div class=\"wp-block-column is-layout-flow wp-block-column-is-layout-flow\" style=\"flex-basis:100%\">\n<div class=\"wp-block-group alignwide has-global-padding is-layout-constrained wp-block-group-is-layout-constrained\">\n<figure class=\"wp-block-gallery alignwide has-nested-images columns-default is-cropped wp-block-gallery-2 is-layout-flex wp-block-gallery-is-layout-flex\">\n<figure class=\"wp-block-image aligncenter size-large is-style-rounded wp-duotone-unset-1\"><img loading=\"lazy\" decoding=\"async\" width=\"1024\" height=\"768\" data-id=\"287\" src=\"https:\/\/uyed.net\/wp-content\/uploads\/2024\/07\/1-edited-1024x768.jpg\" alt=\"\" class=\"wp-image-287\" srcset=\"https:\/\/uyed.net\/wp-content\/uploads\/2024\/07\/1-edited-1024x768.jpg 1024w, https:\/\/uyed.net\/wp-content\/uploads\/2024\/07\/1-edited-300x225.jpg 300w, https:\/\/uyed.net\/wp-content\/uploads\/2024\/07\/1-edited.jpg 1590w\" sizes=\"auto, (max-width: 1024px) 100vw, 1024px\" \/><\/figure>\n\n\n\n<figure class=\"wp-block-image size-large is-style-rounded\"><img loading=\"lazy\" decoding=\"async\" width=\"800\" height=\"450\" data-id=\"104\" src=\"https:\/\/uyed.net\/wp-content\/uploads\/2023\/02\/topic_youth-1.jpg\" alt=\"\" class=\"wp-image-104\" srcset=\"https:\/\/uyed.net\/wp-content\/uploads\/2023\/02\/topic_youth-1.jpg 800w, https:\/\/uyed.net\/wp-content\/uploads\/2023\/02\/topic_youth-1-300x169.jpg 300w, https:\/\/uyed.net\/wp-content\/uploads\/2023\/02\/topic_youth-1-768x432.jpg 768w\" sizes=\"auto, (max-width: 800px) 100vw, 800px\" \/><\/figure>\n<\/figure>\n<\/div>\n<\/div>\n<\/div>\n<\/div>\n","protected":false},"excerpt":{"rendered":"<p>Uluslararas\u0131 Gen\u00e7lik ve Yayg\u0131n E\u011fitim Derne\u011fi Uluslararas\u0131 Gen\u00e7lik ve Yayg\u0131n E\u011fitim Derne\u011fi, gen\u00e7lerin liderlik, giri\u015fimcilik ve di\u011fer becerilerini geli\u015ftirmeleri i\u00e7in e\u011fitim programlar\u0131, seminerler ve uluslararas\u0131 \u00f6\u011frenci de\u011fi\u015fim programlar\u0131 d\u00fczenlemektedir. Dernek, \u00f6zellikle yayg\u0131n e\u011fitim metotlar\u0131 kullanarak, d\u00fcnya gen\u00e7li\u011finin e\u011fitim hakk\u0131na eri\u015fimini art\u0131rmay\u0131 ve potansiyellerini tam olarak geli\u015ftirmelerini sa\u011flamay\u0131 hedeflemektedir. Yayg\u0131n e\u011fitim metotlar\u0131, \u00f6\u011frencilere esneklik ve \u00f6zelle\u015ftirilmi\u015f &hellip; <\/p>\n<p class=\"link-more\"><a href=\"https:\/\/uyed.net\/\" class=\"more-link\"><span class=\"screen-reader-text\"> &#8220;&#8221;<\/span>devam\u0131n\u0131 oku<\/a><\/p>\n","protected":false},"author":1,"featured_media":141,"parent":29,"menu_order":0,"comment_status":"closed","ping_status":"closed","template":"","meta":{"footnotes":""},"class_list":["post-28","page","type-page","status-publish","has-post-thumbnail","hentry"],"_links":{"self":[{"href":"https:\/\/uyed.net\/index.php?rest_route=\/wp\/v2\/pages\/28","targetHints":{"allow":["GET"]}}],"collection":[{"href":"https:\/\/uyed.net\/index.php?rest_route=\/wp\/v2\/pages"}],"about":[{"href":"https:\/\/uyed.net\/index.php?rest_route=\/wp\/v2\/types\/page"}],"author":[{"embeddable":true,"href":"https:\/\/uyed.net\/index.php?rest_route=\/wp\/v2\/users\/1"}],"replies":[{"embeddable":true,"href":"https:\/\/uyed.net\/index.php?rest_route=%2Fwp%2Fv2%2Fcomments&post=28"}],"version-history":[{"count":55,"href":"https:\/\/uyed.net\/index.php?rest_route=\/wp\/v2\/pages\/28\/revisions"}],"predecessor-version":[{"id":298,"href":"https:\/\/uyed.net\/index.php?rest_route=\/wp\/v2\/pages\/28\/revisions\/298"}],"up":[{"embeddable":true,"href":"https:\/\/uyed.net\/index.php?rest_route=\/wp\/v2\/pages\/29"}],"wp:featuredmedia":[{"embeddable":true,"href":"https:\/\/uyed.net\/index.php?rest_route=\/wp\/v2\/media\/141"}],"wp:attachment":[{"href":"https:\/\/uyed.net\/index.php?rest_route=%2Fwp%2Fv2%2Fmedia&parent=28"}],"curies":[{"name":"wp","href":"https:\/\/api.w.org\/{rel}","templated":true}]}}